{"id":1890,"date":"2021-03-01T12:10:19","date_gmt":"2021-03-01T11:10:19","guid":{"rendered":"https:\/\/landing.motovario.com\/consenso-trattamento-dati-personali\/"},"modified":"2026-01-12T15:26:22","modified_gmt":"2026-01-12T14:26:22","slug":"einwilligung-zur-verarbeitung-personenbezogener-daten","status":"publish","type":"page","link":"http:\/\/landing.motovario.com\/de\/einwilligung-zur-verarbeitung-personenbezogener-daten\/","title":{"rendered":"Einwilligung zur Verarbeitung personenbezogener Daten"},"content":{"rendered":"<div class=\"privacy-policy\">\n<h4>Einwilligung zur Verarbeitung personenbezogener Daten<\/h4>\n<h5>Diese Einwilligung wird Motovario S.p.A. gem\u00e4\u00df Artikel 7, 8 und 9 der Europ\u00e4ischen Verordnung 2016\/679 erteilt.<\/h5>\n<p>Ich, der\/die Unterzeichnende, erkl\u00e4re hiermit, dass:<\/p>\n<ol class=\"lower-alpha\">\n<li>Ich habe die Informationen gem\u00e4\u00df Art. 13 der Europ\u00e4ischen Verordnung 2016\/679 zuvor sorgf\u00e4ltig gelesen und vollst\u00e4ndig verstanden;<\/li>\n<li>Ich bin mir meiner Rechte vollumf\u00e4nglich bewusst;<\/li>\n<li>Ich handle v\u00f6llig freiwillig und frei von jeglichem Druck und\/oder psychischer Beeinflussung;<\/li>\n<\/ol>\n<p>Folglich erkl\u00e4re ich hiermit meine uneingeschr\u00e4nkte Einwilligung zur Erhebung und Verarbeitung meiner personenbezogenen Daten, die f\u00fcr die unter Punkt a) der obigen Informationen genannten Zwecke erforderlich sind.<\/p>\n<\/div>\n","protected":false},"excerpt":{"rendered":"<p>Einwilligung zur Verarbeitung personenbezogener Daten Diese Einwilligung wird Motovario S.p.A. gem\u00e4\u00df Artikel 7, 8 und 9 der Europ\u00e4ischen Verordnung 2016\/679 erteilt. Ich, der\/die Unterzeichnende, erkl\u00e4re hiermit, dass: Ich habe die Informationen gem\u00e4\u00df Art. 13 der Europ\u00e4ischen Verordnung 2016\/679 zuvor sorgf\u00e4ltig gelesen und vollst\u00e4ndig verstanden; Ich&#8230;<\/p>\n","protected":false},"author":1,"featured_media":0,"parent":0,"menu_order":0,"comment_status":"closed","ping_status":"closed","template":"","meta":[],"_links":{"self":[{"href":"http:\/\/landing.motovario.com\/de\/wp-json\/wp\/v2\/pages\/1890"}],"collection":[{"href":"http:\/\/landing.motovario.com\/de\/wp-json\/wp\/v2\/pages"}],"about":[{"href":"http:\/\/landing.motovario.com\/de\/wp-json\/wp\/v2\/types\/page"}],"author":[{"embeddable":true,"href":"http:\/\/landing.motovario.com\/de\/wp-json\/wp\/v2\/users\/1"}],"replies":[{"embeddable":true,"href":"http:\/\/landing.motovario.com\/de\/wp-json\/wp\/v2\/comments?post=1890"}],"version-history":[{"count":2,"href":"http:\/\/landing.motovario.com\/de\/wp-json\/wp\/v2\/pages\/1890\/revisions"}],"predecessor-version":[{"id":1895,"href":"http:\/\/landing.motovario.com\/de\/wp-json\/wp\/v2\/pages\/1890\/revisions\/1895"}],"wp:attachment":[{"href":"http:\/\/landing.motovario.com\/de\/wp-json\/wp\/v2\/media?parent=1890"}],"curies":[{"name":"wp","href":"https:\/\/api.w.org\/{rel}","templated":true}]}}