{"id":1884,"date":"2020-06-16T11:49:23","date_gmt":"2020-06-16T09:49:23","guid":{"rendered":"https:\/\/landing.motovario.com\/privacy-policy\/"},"modified":"2026-01-12T16:02:57","modified_gmt":"2026-01-12T15:02:57","slug":"politica-de-privacidad","status":"publish","type":"page","link":"http:\/\/landing.motovario.com\/es\/politica-de-privacidad\/","title":{"rendered":"Pol\u00edtica de Privacidad"},"content":{"rendered":"<div class=\"privacy\" style=\"margin-block:40px;\">\n<h1 style=\"margin-bottom:20px;\">Pol\u00edtica de Privacidad<\/h1>\n<h5>Asunto: Informaci\u00f3n del Sitio Web<\/h5>\n<p>Esta p\u00e1gina describe los m\u00e9todos de gesti\u00f3n del sitio web en relaci\u00f3n con el tratamiento de los datos personales de los usuarios que lo visitan.<\/p>\n<p>Esta informaci\u00f3n se proporciona de conformidad con el <a href=\"http:\/\/bach.drt.garanteprivacy.it\/garante\/doc.jsp?ID=722132#art_13\" target=\"_blank\" rel=\"noopener\">Art\u00edculo 13 del Reglamento Europeo 2016\/679<\/a> a quienes interact\u00faan con los servicios web de la empresa.<\/p>\n<p>Esta informaci\u00f3n se aplica \u00fanicamente a este sitio web y no a otros sitios web a los que el usuario pueda acceder mediante enlaces.<\/p>\n<p>Esta pol\u00edtica identifica ciertos requisitos m\u00ednimos para la recopilaci\u00f3n de datos personales en l\u00ednea y, en particular, los m\u00e9todos, el momento y la naturaleza de la informaci\u00f3n que los responsables del tratamiento deben proporcionar a los usuarios cuando se conectan a las p\u00e1ginas web, independientemente del prop\u00f3sito de la conexi\u00f3n.<\/p>\n<p>RESPONSABLE DEL TRATAMIENTO DE DATOS<br \/>\nTras la consulta de este sitio web, podr\u00e1n tratarse datos relativos a personas f\u00edsicas identificadas o identificables.<\/p>\n<p>El responsable del tratamiento de datos es Motovario S.p.A., sociedad unipersonal, representada por su representante legal pro tempore.<\/p>\n<p>LUGAR DE TRATAMIENTO DE DATOS<\/p>\n<p>Las operaciones de tratamiento relacionadas con los servicios web de este sitio web se llevan a cabo en la sede de la empresa y son gestionadas exclusivamente por el personal t\u00e9cnico de la oficina encargada del tratamiento o por personas encargadas de las operaciones de mantenimiento ocasionales.<\/p>\n<p>No se comunica ni difunde ning\u00fan dato derivado del servicio web.<\/p>\n<p>Los datos personales proporcionados por los usuarios que solicitan material informativo (boletines informativos, CD-ROM, cat\u00e1logos, listas de precios, respuestas a preguntas, documentos, etc.) se utilizan \u00fanicamente para prestar el servicio o la prestaci\u00f3n solicitados.<\/p>\n<p>TIPOS DE DATOS TRATADOS<br \/>\nDatos de navegaci\u00f3n<\/p>\n<p>Los sistemas inform\u00e1ticos y los procedimientos de software utilizados para el funcionamiento de este sitio web adquieren, durante su funcionamiento normal, ciertos datos personales cuya transmisi\u00f3n est\u00e1 impl\u00edcita en el uso de los protocolos de comunicaci\u00f3n de Internet.<\/p>\n<p>Esta informaci\u00f3n no se recopila para asociarla a interesados \u200b\u200bidentificados, pero por su propia naturaleza podr\u00eda, mediante el procesamiento y la asociaci\u00f3n con datos de terceros, permitir la identificaci\u00f3n de los usuarios.<\/p>\n<p>Esta categor\u00eda de datos incluye las direcciones IP o los nombres de dominio de los ordenadores utilizados por los usuarios que se conectan al sitio, las direcciones URI (Identificador Uniforme de Recursos) de los recursos solicitados, la hora de la solicitud, el m\u00e9todo utilizado para enviar la solicitud al servidor, el tama\u00f1o del archivo obtenido en respuesta, el c\u00f3digo num\u00e9rico que indica el estado de la respuesta del servidor (correcta, error, etc.) y otros par\u00e1metros relacionados con el sistema operativo y el entorno inform\u00e1tico del usuario.<\/p>\n<p>Estos datos se utilizan \u00fanicamente para obtener informaci\u00f3n estad\u00edstica an\u00f3nima sobre el uso del sitio y para verificar su correcto funcionamiento, y se eliminan inmediatamente despu\u00e9s de su procesamiento. Los datos podr\u00edan utilizarse para determinar la responsabilidad en caso de hipot\u00e9ticos delitos inform\u00e1ticos contra el sitio: salvo esta posibilidad, los datos de contacto web no se conservan actualmente durante m\u00e1s de siete d\u00edas.<\/p>\n<p>Datos proporcionados voluntariamente por el usuario<\/p>\n<p>El env\u00edo opcional, expl\u00edcito y voluntario de correos electr\u00f3nicos a las direcciones indicadas en este sitio implica la posterior adquisici\u00f3n de la direcci\u00f3n del remitente, necesaria para responder a las solicitudes, as\u00ed como de cualquier otro dato personal incluido en el mensaje.<\/p>\n<p>Se publicar\u00e1 o mostrar\u00e1 informaci\u00f3n resumida espec\u00edfica en las p\u00e1ginas del sitio dedicadas a servicios espec\u00edficos previa solicitud.<\/p>\n<p>USO DE COOKIES<\/p>\n<p>Para obtener informaci\u00f3n sobre el uso de cookies, consulte la informaci\u00f3n adicional y espec\u00edfica publicada en este sitio, elaborada de conformidad con la Disposici\u00f3n del 8 de mayo de 2014 de la Autoridad Italiana de Protecci\u00f3n de Datos, que integra y completa este documento. CAR\u00c1CTER FACULTATIVO DEL SUMINISTRO DE DATOS<br \/>\nSalvo lo especificado para los datos de navegaci\u00f3n, el usuario tiene la libertad de elegir si desea o no proporcionar sus datos personales.<br \/>\nDe no proporcionarlos, podr\u00eda resultar imposible obtener lo solicitado.<\/p>\n<p>M\u00c9TODOS DE TRATAMIENTO<\/p>\n<p>Los datos personales se tratan mediante herramientas automatizadas durante el tiempo estrictamente necesario para lograr los fines para los que fueron recopilados.<\/p>\n<p>Se observan medidas de seguridad espec\u00edficas para evitar la p\u00e9rdida de datos, el uso il\u00edcito o incorrecto, y el acceso no autorizado.<\/p>\n<p>TRANSFERENCIAS A TERCEROS PA\u00cdSES<br \/>\nCualquier transferencia de datos personales a un tercer pa\u00eds fuera de la Uni\u00f3n Europea o a una organizaci\u00f3n internacional<\/p>\n<\/div>\n","protected":false},"excerpt":{"rendered":"<p>Pol\u00edtica de Privacidad Asunto: Informaci\u00f3n del Sitio Web Esta p\u00e1gina describe los m\u00e9todos de gesti\u00f3n del sitio web en relaci\u00f3n con el tratamiento de los datos personales de los usuarios que lo visitan. Esta informaci\u00f3n se proporciona de conformidad con el Art\u00edculo 13 del Reglamento&#8230;<\/p>\n","protected":false},"author":1,"featured_media":0,"parent":0,"menu_order":0,"comment_status":"closed","ping_status":"open","template":"","meta":[],"_links":{"self":[{"href":"http:\/\/landing.motovario.com\/es\/wp-json\/wp\/v2\/pages\/1884"}],"collection":[{"href":"http:\/\/landing.motovario.com\/es\/wp-json\/wp\/v2\/pages"}],"about":[{"href":"http:\/\/landing.motovario.com\/es\/wp-json\/wp\/v2\/types\/page"}],"author":[{"embeddable":true,"href":"http:\/\/landing.motovario.com\/es\/wp-json\/wp\/v2\/users\/1"}],"replies":[{"embeddable":true,"href":"http:\/\/landing.motovario.com\/es\/wp-json\/wp\/v2\/comments?post=1884"}],"version-history":[{"count":2,"href":"http:\/\/landing.motovario.com\/es\/wp-json\/wp\/v2\/pages\/1884\/revisions"}],"predecessor-version":[{"id":1903,"href":"http:\/\/landing.motovario.com\/es\/wp-json\/wp\/v2\/pages\/1884\/revisions\/1903"}],"wp:attachment":[{"href":"http:\/\/landing.motovario.com\/es\/wp-json\/wp\/v2\/media?parent=1884"}],"curies":[{"name":"wp","href":"https:\/\/api.w.org\/{rel}","templated":true}]}}