{"id":1892,"date":"2021-03-01T12:10:19","date_gmt":"2021-03-01T11:10:19","guid":{"rendered":"https:\/\/landing.motovario.com\/consenso-trattamento-dati-personali\/"},"modified":"2026-01-12T16:17:25","modified_gmt":"2026-01-12T15:17:25","slug":"consentimiento-para-el-tratamiento-de-datos-personales","status":"publish","type":"page","link":"http:\/\/landing.motovario.com\/es\/consentimiento-para-el-tratamiento-de-datos-personales\/","title":{"rendered":"Consentimiento para el tratamiento de datos personales"},"content":{"rendered":"<div class=\"privacy-policy\">\n<h4>Consentimiento para el tratamiento de datos personales<\/h4>\n<h5>Consentimiento otorgado a Motovario S.p.A. de conformidad con los art\u00edculos 7, 8 y 9 del Reglamento Europeo 2016\/679.<\/h5>\n<p>El abajo firmante <strong>da por sentado que<\/strong>.<\/p>\n<ol class=\"lower-alpha\">\n<li>Ha le\u00eddo atentamente y comprendido en su totalidad la informaci\u00f3n de conformidad con el art\u00edculo 13 del Reglamento Europeo 2016\/679;\n<li>Es plenamente consciente de sus derechos;\n<li>Act\u00fao con total libertad y libre de cualquier condicionamiento o presi\u00f3n psicol\u00f3gica;\n<\/ol>\n<p>En consecuencia, <strong>expreso mi pleno consentimiento<\/strong> para la recopilaci\u00f3n y el tratamiento de mis datos personales, necesarios para las finalidades mencionadas en el punto a) de la informaci\u00f3n anterior.<\/p>\n<\/div>\n","protected":false},"excerpt":{"rendered":"<p>Consentimiento para el tratamiento de datos personales Consentimiento otorgado a Motovario S.p.A. de conformidad con los art\u00edculos 7, 8 y 9 del Reglamento Europeo 2016\/679. El abajo firmante da por sentado que. Ha le\u00eddo atentamente y comprendido en su totalidad la informaci\u00f3n de conformidad con&#8230;<\/p>\n","protected":false},"author":1,"featured_media":0,"parent":0,"menu_order":0,"comment_status":"closed","ping_status":"closed","template":"","meta":[],"_links":{"self":[{"href":"http:\/\/landing.motovario.com\/es\/wp-json\/wp\/v2\/pages\/1892"}],"collection":[{"href":"http:\/\/landing.motovario.com\/es\/wp-json\/wp\/v2\/pages"}],"about":[{"href":"http:\/\/landing.motovario.com\/es\/wp-json\/wp\/v2\/types\/page"}],"author":[{"embeddable":true,"href":"http:\/\/landing.motovario.com\/es\/wp-json\/wp\/v2\/users\/1"}],"replies":[{"embeddable":true,"href":"http:\/\/landing.motovario.com\/es\/wp-json\/wp\/v2\/comments?post=1892"}],"version-history":[{"count":1,"href":"http:\/\/landing.motovario.com\/es\/wp-json\/wp\/v2\/pages\/1892\/revisions"}],"predecessor-version":[{"id":1915,"href":"http:\/\/landing.motovario.com\/es\/wp-json\/wp\/v2\/pages\/1892\/revisions\/1915"}],"wp:attachment":[{"href":"http:\/\/landing.motovario.com\/es\/wp-json\/wp\/v2\/media?parent=1892"}],"curies":[{"name":"wp","href":"https:\/\/api.w.org\/{rel}","templated":true}]}}