{"id":1881,"date":"2020-06-16T11:49:23","date_gmt":"2020-06-16T09:49:23","guid":{"rendered":"https:\/\/landing.motovario.com\/privacy-policy\/"},"modified":"2026-01-12T16:12:35","modified_gmt":"2026-01-12T15:12:35","slug":"politique-de-confidentialite","status":"publish","type":"page","link":"http:\/\/landing.motovario.com\/fr\/politique-de-confidentialite\/","title":{"rendered":"Politique de Confidentialit\u00e9"},"content":{"rendered":"<div class=\"privacy\" style=\"margin-block:40px;\">\n<h1 style=\"margin-bottom:20px;\">Politique de confidentialit\u00e9<\/h1>\n<h5>Objet\u00a0: Informations relatives au site web<\/h5>\n<p>Cette page d\u00e9crit les modalit\u00e9s de gestion du site web concernant le traitement des donn\u00e9es personnelles des utilisateurs qui le consultent.<\/p>\n<p>Ces informations sont fournies conform\u00e9ment \u00e0 l\u2019<a href=\"http:\/\/bach.drt.garanteprivacy.it\/garante\/doc.jsp?ID=722132#art_13\" target=\"_blank\" rel=\"noopener\">Article 13 du R\u00e8glement europ\u00e9en 2016\/679<\/a> aux personnes qui interagissent avec les services web de l\u2019entreprise.<\/p>\n<p>Ces informations s\u2019appliquent uniquement \u00e0 ce site web et non aux autres sites web accessibles par des liens hypertextes.<\/p>\n<p>Cette politique d\u00e9finit certaines exigences minimales pour la collecte de donn\u00e9es personnelles en ligne, et notamment les modalit\u00e9s, le moment et la nature des informations que les responsables du traitement doivent fournir aux utilisateurs lorsqu\u2019ils se connectent \u00e0 des pages web, quel que soit l\u2019objet de cette connexion.<\/p>\n<h6>RESPONSABLE DU TRAITEMENT DES DONN\u00c9ES<\/h6>\n<p>Suite \u00e0 la consultation de ce site, des donn\u00e9es relatives \u00e0 des personnes physiques identifi\u00e9es ou identifiables peuvent \u00eatre trait\u00e9es.<\/p>\n<p>Le responsable du traitement des donn\u00e9es est Motovario S.p.A., soci\u00e9t\u00e9 \u00e0 actionnaire unique, repr\u00e9sent\u00e9e par son repr\u00e9sentant l\u00e9gal en exercice.<\/p>\n<h6>LIEU DE TRAITEMENT DES DONN\u00c9ES<\/h6>\n<p>Les traitements li\u00e9s aux services web de ce site sont effectu\u00e9s au si\u00e8ge social de la soci\u00e9t\u00e9 et sont r\u00e9alis\u00e9s exclusivement par le personnel technique du service en charge du traitement, ou par les personnes charg\u00e9es des op\u00e9rations de maintenance ponctuelles.<\/p>\n<p>Aucune donn\u00e9e issue du service web n&rsquo;est communiqu\u00e9e ni diffus\u00e9e.<\/p>\n<p>Les donn\u00e9es personnelles fournies par les utilisateurs qui demandent des documents d&rsquo;information (newsletters, CD-ROM, catalogues, tarifs, r\u00e9ponses aux questions, documents, etc.) sont utilis\u00e9es uniquement pour la r\u00e9alisation du service ou de la prestation demand\u00e9e.<\/p>\n<h6>TYPES DE DONN\u00c9ES TRAIT\u00c9ES<\/h6>\n<p><em>Donn\u00e9es de navigation<\/em><\/p>\n<p>Les syst\u00e8mes informatiques et les proc\u00e9dures logicielles utilis\u00e9s pour le fonctionnement de ce site web acqui\u00e8rent, lors de leur fonctionnement normal, certaines donn\u00e9es personnelles dont la transmission est inh\u00e9rente \u00e0 l&rsquo;utilisation des protocoles de communication Internet.<\/p>\n<p>Ces informations ne sont pas collect\u00e9es pour \u00eatre associ\u00e9es \u00e0 des personnes identifi\u00e9es, mais de par leur nature m\u00eame, elles pourraient, par le biais de traitements et d&rsquo;associations avec des donn\u00e9es d\u00e9tenues par des tiers, permettre d&rsquo;identifier les utilisateurs.<\/p>\n<p>Cette cat\u00e9gorie de donn\u00e9es comprend les adresses IP ou les noms de domaine des ordinateurs utilis\u00e9s par les utilisateurs se connectant au site, les adresses URI (Uniform Resource Identifier) \u200b\u200bdes ressources demand\u00e9es, l&rsquo;heure de la requ\u00eate, la m\u00e9thode utilis\u00e9e pour soumettre la requ\u00eate au serveur, la taille du fichier obtenu en r\u00e9ponse, le code num\u00e9rique indiquant l&rsquo;\u00e9tat de la r\u00e9ponse du serveur (succ\u00e8s, erreur, etc.) et d&rsquo;autres param\u00e8tres relatifs au syst\u00e8me d&rsquo;exploitation et \u00e0 l&rsquo;environnement informatique de l&rsquo;utilisateur.<\/p>\n<p>Ces donn\u00e9es sont utilis\u00e9es uniquement pour obtenir des informations statistiques anonymes sur l&rsquo;utilisation du site et pour v\u00e9rifier son bon fonctionnement. Elles sont supprim\u00e9es imm\u00e9diatement apr\u00e8s traitement. Ces donn\u00e9es pourraient servir \u00e0 \u00e9tablir les responsabilit\u00e9s en cas d&rsquo;infractions informatiques hypoth\u00e9tiques commises contre le site\u00a0; hormis cette possibilit\u00e9, les donn\u00e9es de contact web ne sont actuellement pas conserv\u00e9es plus de sept jours.<\/p>\n<p><em>Donn\u00e9es fournies volontairement par l&rsquo;utilisateur<\/em><\/p>\n<p>L&rsquo;envoi facultatif, explicite et volontaire de courriels aux adresses indiqu\u00e9es sur ce site entra\u00eene l&rsquo;acquisition de l&rsquo;adresse de l&rsquo;exp\u00e9diteur, n\u00e9cessaire pour r\u00e9pondre aux demandes, ainsi que de toute autre donn\u00e9e personnelle incluse dans le message.<\/p>\n<p>Des informations r\u00e9capitulatives sp\u00e9cifiques seront progressivement affich\u00e9es sur les pages du site d\u00e9di\u00e9es \u00e0 des services particuliers, sur demande.<\/p>\n<h6>UTILISATION DES COOKIES<\/h6>\n<p>Concernant les modalit\u00e9s d&rsquo;utilisation des cookies, veuillez vous r\u00e9f\u00e9rer aux \u00ab\u00a0informations compl\u00e9mentaires\u00a0\u00bb sp\u00e9cifiques publi\u00e9es sur ce site et \u00e9tablies conform\u00e9ment \u00e0 la disposition du 8\u00a0mai\u00a02014 de l&rsquo;Autorit\u00e9 italienne de protection des donn\u00e9es, qui compl\u00e8te le pr\u00e9sent document.<\/p>\n<h6>CARACT\u00c8RE FACULTATIF DE LA FOURNITURE DES DONN\u00c9ES<\/h6>\n<p>Sauf indication contraire concernant les donn\u00e9es de navigation, l&rsquo;utilisateur est libre de choisir de fournir ou non ses donn\u00e9es personnelles.<\/p>\n<p>Le d\u00e9faut de fournir ces donn\u00e9es peut rendre impossible l&rsquo;obtention du service demand\u00e9.<\/p>\n<h6>MOD\u00c8LES DE TRAITEMENT<\/h6>\n<p>Les donn\u00e9es personnelles sont trait\u00e9es \u00e0 l&rsquo;aide d&rsquo;outils automatis\u00e9s pendant la dur\u00e9e strictement n\u00e9cessaire \u00e0 la r\u00e9alisation des finalit\u00e9s pour lesquelles elles ont \u00e9t\u00e9 collect\u00e9es.<\/p>\n<p>Des mesures de s\u00e9curit\u00e9 sp\u00e9cifiques sont mises en \u0153uvre afin de pr\u00e9venir la perte de donn\u00e9es, leur utilisation illicite ou incorrecte, ainsi que tout acc\u00e8s non autoris\u00e9.<\/p>\n<h6>TRANSFERTS VERS DES PAYS TIERS<\/h6>\n<p>Tout transfert de donn\u00e9es personnelles vers un pays tiers situ\u00e9 hors de l&rsquo;Union europ\u00e9enne ou vers une organisation internationale est soumis \u00e0 des restrictions.<\/p>\n<\/div>\n","protected":false},"excerpt":{"rendered":"<p>Politique de confidentialit\u00e9 Objet\u00a0: Informations relatives au site web Cette page d\u00e9crit les modalit\u00e9s de gestion du site web concernant le traitement des donn\u00e9es personnelles des utilisateurs qui le consultent. Ces informations sont fournies conform\u00e9ment \u00e0 l\u2019Article 13 du R\u00e8glement europ\u00e9en 2016\/679 aux personnes qui&#8230;<\/p>\n","protected":false},"author":1,"featured_media":0,"parent":0,"menu_order":0,"comment_status":"closed","ping_status":"open","template":"","meta":[],"_links":{"self":[{"href":"http:\/\/landing.motovario.com\/fr\/wp-json\/wp\/v2\/pages\/1881"}],"collection":[{"href":"http:\/\/landing.motovario.com\/fr\/wp-json\/wp\/v2\/pages"}],"about":[{"href":"http:\/\/landing.motovario.com\/fr\/wp-json\/wp\/v2\/types\/page"}],"author":[{"embeddable":true,"href":"http:\/\/landing.motovario.com\/fr\/wp-json\/wp\/v2\/users\/1"}],"replies":[{"embeddable":true,"href":"http:\/\/landing.motovario.com\/fr\/wp-json\/wp\/v2\/comments?post=1881"}],"version-history":[{"count":2,"href":"http:\/\/landing.motovario.com\/fr\/wp-json\/wp\/v2\/pages\/1881\/revisions"}],"predecessor-version":[{"id":1906,"href":"http:\/\/landing.motovario.com\/fr\/wp-json\/wp\/v2\/pages\/1881\/revisions\/1906"}],"wp:attachment":[{"href":"http:\/\/landing.motovario.com\/fr\/wp-json\/wp\/v2\/media?parent=1881"}],"curies":[{"name":"wp","href":"https:\/\/api.w.org\/{rel}","templated":true}]}}