{"id":1889,"date":"2021-03-01T12:10:19","date_gmt":"2021-03-01T11:10:19","guid":{"rendered":"https:\/\/landing.motovario.com\/consenso-trattamento-dati-personali\/"},"modified":"2026-01-13T12:48:43","modified_gmt":"2026-01-13T11:48:43","slug":"consentement-au-traitement-des-donnees-personnelles","status":"publish","type":"page","link":"http:\/\/landing.motovario.com\/fr\/consentement-au-traitement-des-donnees-personnelles\/","title":{"rendered":"Consentement au traitement des donn\u00e9es personnelles"},"content":{"rendered":"<div class=\"privacy-policy\">\n<h4>Consentement au traitement des donn\u00e9es personnelles<\/h4>\n<h5>Consentement accord\u00e9 \u00e0 Motovario S.p.A. conform\u00e9ment aux articles 7, 8 et 9 du R\u00e8glement europ\u00e9en 2016\/679.<\/h5>\n<p>Le\/La soussign\u00e9(e) <strong>compte tenu de ce qui suit<\/strong>\u00a0:<\/p>\n<ol class=\"lower-alpha\">\n<li >A lu attentivement et compris dans son int\u00e9gralit\u00e9 les informations conform\u00e9ment \u00e0 l\u2019article 13 du R\u00e8glement europ\u00e9en 2016\/679\u00a0;<\/li>\n<li>Est pleinement conscient(e) de ses droits\u00a0;<\/li>\n<li>Agis en toute libert\u00e9 et sans aucune contrainte ni pression psychologique\u00a0;<\/li>\n<\/ol>\n<p>En cons\u00e9quence, <strong>donne mon consentement sans r\u00e9serve<\/strong> \u00e0 la collecte et au traitement de ses donn\u00e9es personnelles, n\u00e9cessaires aux fins vis\u00e9es au point a) des informations ci-dessus.<\/p>\n<\/div>\n","protected":false},"excerpt":{"rendered":"<p>Consentement au traitement des donn\u00e9es personnelles Consentement accord\u00e9 \u00e0 Motovario S.p.A. conform\u00e9ment aux articles 7, 8 et 9 du R\u00e8glement europ\u00e9en 2016\/679. Le\/La soussign\u00e9(e) compte tenu de ce qui suit\u00a0: A lu attentivement et compris dans son int\u00e9gralit\u00e9 les informations conform\u00e9ment \u00e0 l\u2019article 13 du&#8230;<\/p>\n","protected":false},"author":1,"featured_media":0,"parent":0,"menu_order":0,"comment_status":"closed","ping_status":"closed","template":"","meta":[],"_links":{"self":[{"href":"http:\/\/landing.motovario.com\/fr\/wp-json\/wp\/v2\/pages\/1889"}],"collection":[{"href":"http:\/\/landing.motovario.com\/fr\/wp-json\/wp\/v2\/pages"}],"about":[{"href":"http:\/\/landing.motovario.com\/fr\/wp-json\/wp\/v2\/types\/page"}],"author":[{"embeddable":true,"href":"http:\/\/landing.motovario.com\/fr\/wp-json\/wp\/v2\/users\/1"}],"replies":[{"embeddable":true,"href":"http:\/\/landing.motovario.com\/fr\/wp-json\/wp\/v2\/comments?post=1889"}],"version-history":[{"count":2,"href":"http:\/\/landing.motovario.com\/fr\/wp-json\/wp\/v2\/pages\/1889\/revisions"}],"predecessor-version":[{"id":1945,"href":"http:\/\/landing.motovario.com\/fr\/wp-json\/wp\/v2\/pages\/1889\/revisions\/1945"}],"wp:attachment":[{"href":"http:\/\/landing.motovario.com\/fr\/wp-json\/wp\/v2\/media?parent=1889"}],"curies":[{"name":"wp","href":"https:\/\/api.w.org\/{rel}","templated":true}]}}